{"id":29,"date":"2022-06-06T14:21:56","date_gmt":"2022-06-06T11:21:56","guid":{"rendered":"https:\/\/triktrik.ee\/?page_id=29"},"modified":"2022-07-17T11:02:13","modified_gmt":"2022-07-17T08:02:13","slug":"refund_returns","status":"publish","type":"page","link":"https:\/\/triktrik.ee\/en\/refund_returns\/","title":{"rendered":"Tagastamis- ja tagastuspoliitika"},"content":{"rendered":"<div data-elementor-type=\"wp-page\" data-elementor-id=\"29\" class=\"elementor elementor-29\">\n\t\t\t\t\t\t<section class=\"elementor-section elementor-top-section elementor-element elementor-element-7a366307 elementor-section-boxed elementor-section-height-default elementor-section-height-default\" data-id=\"7a366307\" data-element_type=\"section\" data-e-type=\"section\">\n\t\t\t\t\t\t<div class=\"elementor-container elementor-column-gap-default\">\n\t\t\t\t\t<div class=\"elementor-column elementor-col-100 elementor-top-column elementor-element elementor-element-224293e5\" data-id=\"224293e5\" data-element_type=\"column\" data-e-type=\"column\">\n\t\t\t<div class=\"elementor-widget-wrap elementor-element-populated\">\n\t\t\t\t\t\t<div class=\"elementor-element elementor-element-58139893 elementor-widget elementor-widget-text-editor\" data-id=\"58139893\" data-element_type=\"widget\" data-e-type=\"widget\" data-widget_type=\"text-editor.default\">\n\t\t\t\t<div class=\"elementor-widget-container\">\n\t\t\t\t\t\t\t\t\t\n<h3>\u00dclevaade<\/h3>\n\n<p>Meie tagasimakse- ja tagastuspoliitika kehtib 30 p\u00e4eva. Kui ostust on m\u00f6\u00f6dunud 30 p\u00e4eva, ei saa me teile pakkuda t\u00e4ielikku tagasimakset ega vahetust.<\/p>\n<p>Tagastuse saamiseks peab teie kaup olema kasutamata ja samas seisukorras, kui selle saite. See peab olema ka originaalpakendis.<\/p>\n<p>Palun \u00e4rge saatke oma ostu tagasi tootjale.<\/p>\n\n<h2>Tagasimaksed<\/h2>\n\n<p>Kui teie tagastus on k\u00e4tte saadud ja kontrollitud, saadame teile e-kirja, et teavitada teid, et oleme teie tagastatud kauba k\u00e4tte saanud. Samuti teavitame teid teie tagasimakse kinnitamisest v\u00f5i tagasil\u00fckkamisest.<\/p>\n<p>Kui teid kinnitatakse, t\u00f6\u00f6deldakse teie tagasimakset ja teie krediitkaardile v\u00f5i algsele makseviisile kantakse teatud p\u00e4evade jooksul automaatselt krediit.<\/p>\n\n<h2>Hilinenud v\u00f5i saamata j\u00e4\u00e4nud tagasimaksed<\/h2>\n\n<p>Kui te pole veel tagasimakset saanud, kontrollige esmalt uuesti oma pangakontot.<\/p>\n<p>Seej\u00e4rel v\u00f5tke \u00fchendust oma krediitkaardiettev\u00f5ttega, v\u00f5ib kuluda veidi aega, enne kui teie tagasimakse ametlikult postitatakse.<\/p>\n<p>J\u00e4rgmisena v\u00f5tke \u00fchendust oma pangaga. Sageli kulub enne tagasimakse postitamist veidi t\u00f6\u00f6tlemisaega.<\/p>\n<p>Kui olete seda k\u00f5ike teinud ja te pole ikka veel tagasimakset saanud, v\u00f5tke meiega \u00fchendust aadressil {triktrikoy@gmail.com}.<\/p>\n\n<h2>Vahetused<\/h2>\n\n<p>Vahetame esemed v\u00e4lja ainult siis, kui need on defektsed v\u00f5i kahjustatud. Kui peate selle sama kauba vastu vahetama, saatke meile e-kiri aadressile {triktrikoy@gmail.com} ja saatke oma toode aadressile: {Vilde tee 114 &#8211; 57}.<\/p>\n\n<h2>Saatmise tagastus<\/h2>\n\n<p>Toote tagastamiseks saatke toode aadressile {Vilde tee 114 &#8211; 57}.<\/p>\n<p>Kauba tagastamise eest vastutate ise oma saatmiskulude eest. Saatekulu ei kuulu tagastamisele. Kui saate raha tagasi, arvatakse teie tagasimaksest maha tagastamiskulud.<\/p>\n<p>Olenevalt teie elukohast v\u00f5ib aeg, mis kulub teie vahetatud toote teieni j\u00f5udmiseks, erineda.<\/p>\n<p>Kui tagastate kallimad kaubad, v\u00f5ite kaaluda j\u00e4lgitava saatmisteenuse kasutamist v\u00f5i saatmiskindlustuse ostmist. Me ei garanteeri, et saame teie tagastatud kauba k\u00e4tte.<\/p>\n<p>Vajad abi?<\/p>\n\n<p>Tagasimaksete ja tagastamisega seotud k\u00fcsimuste korral v\u00f5tke meiega \u00fchendust aadressil triktrikoy@gmail.com.<\/p>\n\t\t\t\t\t\t\t\t<\/div>\n\t\t\t\t<\/div>\n\t\t\t\t\t<\/div>\n\t\t<\/div>\n\t\t\t\t\t<\/div>\n\t\t<\/section>\n\t\t\t\t<\/div>","protected":false},"excerpt":{"rendered":"<p>\u00dclevaade Meie tagasimakse- ja tagastuspoliitika kehtib 30 p\u00e4eva. Kui ostust on m\u00f6\u00f6dunud 30 p\u00e4eva, ei saa me teile pakkuda t\u00e4ielikku&#8230;<\/p>","protected":false},"author":1,"featured_media":0,"parent":0,"menu_order":0,"comment_status":"closed","ping_status":"closed","template":"","meta":{"footnotes":""},"class_list":["post-29","page","type-page","status-publish","hentry"],"_links":{"self":[{"href":"https:\/\/triktrik.ee\/en\/wp-json\/wp\/v2\/pages\/29","targetHints":{"allow":["GET"]}}],"collection":[{"href":"https:\/\/triktrik.ee\/en\/wp-json\/wp\/v2\/pages"}],"about":[{"href":"https:\/\/triktrik.ee\/en\/wp-json\/wp\/v2\/types\/page"}],"author":[{"embeddable":true,"href":"https:\/\/triktrik.ee\/en\/wp-json\/wp\/v2\/users\/1"}],"replies":[{"embeddable":true,"href":"https:\/\/triktrik.ee\/en\/wp-json\/wp\/v2\/comments?post=29"}],"version-history":[{"count":13,"href":"https:\/\/triktrik.ee\/en\/wp-json\/wp\/v2\/pages\/29\/revisions"}],"predecessor-version":[{"id":997,"href":"https:\/\/triktrik.ee\/en\/wp-json\/wp\/v2\/pages\/29\/revisions\/997"}],"wp:attachment":[{"href":"https:\/\/triktrik.ee\/en\/wp-json\/wp\/v2\/media?parent=29"}],"curies":[{"name":"wp","href":"https:\/\/api.w.org\/{rel}","templated":true}]}}