{"id":34,"date":"2022-03-28T01:05:30","date_gmt":"2022-03-27T22:05:30","guid":{"rendered":"https:\/\/triktrik.ee\/?post_type=product&#038;p=34"},"modified":"2022-06-21T01:12:12","modified_gmt":"2022-06-20T22:12:12","slug":"must-tuulejope","status":"publish","type":"product","link":"https:\/\/triktrik.ee\/en\/product\/must-tuulejope\/","title":{"rendered":"TECH SHELLT54"},"content":{"rendered":"<p>TECH SHELLT54<br \/>\nUnisex jope<br \/>\nS-5XL<br \/>\nPlain Weave, 100% polester<br \/>\nveekindel, tuulekindel ja hingav kangas<br \/>\nsirge l\u00f5ige k\u00fclje\u00f5mblustega<br \/>\nv\u00f5rkvooder<br \/>\neemaldatav kapuuts<br \/>\nkapuuts ja all\u00e4\u00e4r reguleeritavad elastse pingutusn\u00f6\u00f6riga<br \/>\nt\u00e4ispikk veekindel YKK t\u00f5mblukk koos l\u00f5uakaitsega<br \/>\nt\u00f5mblukk kaenla all ventilatsiooniks<br \/>\np\u00f6idla jaoks m\u00f5eldud auguga mansetid<br \/>\nYKK lukuga taskud<br \/>\nteibitud \u00f5mblused<br \/>\nhelkurelemendid<br \/>\nsertifikaat vastavalt standardile EN 343:2019 (klass 4:3)<br \/>\nTricorp kaubanumber: 402018<\/p>","protected":false},"excerpt":{"rendered":"<p>TECH SHELLT54 Unisex jope S-5XL Plain Weave, 100% polester veekindel, tuulekindel ja hingav kangas sirge l\u00f5ige k\u00fclje\u00f5mblustega v\u00f5rkvooder eemaldatav kapuuts&#8230;<\/p>","protected":false},"featured_media":480,"comment_status":"open","ping_status":"closed","template":"","meta":[],"product_brand":[],"product_cat":[18,52],"product_tag":[20,19,21],"class_list":{"0":"post-34","1":"product","2":"type-product","3":"status-publish","4":"has-post-thumbnail","6":"product_cat-joped","7":"product_cat-unisex","8":"product_tag-jope","9":"product_tag-must","10":"product_tag-tuulejope","11":"product_shipping_class-joped","13":"first","14":"instock","15":"featured","16":"taxable","17":"shipping-taxable","18":"purchasable","19":"product-type-variable","20":"has-default-attributes"},"_links":{"self":[{"href":"https:\/\/triktrik.ee\/en\/wp-json\/wp\/v2\/product\/34","targetHints":{"allow":["GET"]}}],"collection":[{"href":"https:\/\/triktrik.ee\/en\/wp-json\/wp\/v2\/product"}],"about":[{"href":"https:\/\/triktrik.ee\/en\/wp-json\/wp\/v2\/types\/product"}],"replies":[{"embeddable":true,"href":"https:\/\/triktrik.ee\/en\/wp-json\/wp\/v2\/comments?post=34"}],"wp:featuredmedia":[{"embeddable":true,"href":"https:\/\/triktrik.ee\/en\/wp-json\/wp\/v2\/media\/480"}],"wp:attachment":[{"href":"https:\/\/triktrik.ee\/en\/wp-json\/wp\/v2\/media?parent=34"}],"wp:term":[{"taxonomy":"product_brand","embeddable":true,"href":"https:\/\/triktrik.ee\/en\/wp-json\/wp\/v2\/product_brand?post=34"},{"taxonomy":"product_cat","embeddable":true,"href":"https:\/\/triktrik.ee\/en\/wp-json\/wp\/v2\/product_cat?post=34"},{"taxonomy":"product_tag","embeddable":true,"href":"https:\/\/triktrik.ee\/en\/wp-json\/wp\/v2\/product_tag?post=34"}],"curies":[{"name":"wp","href":"https:\/\/api.w.org\/{rel}","templated":true}]}}