{"id":496,"date":"2022-06-12T16:04:50","date_gmt":"2022-06-12T13:04:50","guid":{"rendered":"https:\/\/triktrik.ee\/?post_type=product&#038;p=496"},"modified":"2022-06-21T01:06:14","modified_gmt":"2022-06-20T22:06:14","slug":"must-sulejope","status":"publish","type":"product","link":"https:\/\/triktrik.ee\/en\/product\/must-sulejope\/","title":{"rendered":"EVEREST552"},"content":{"rendered":"<p>EVEREST552<br \/>\nMeeste jope<br \/>\nS-3XL<br \/>\nTavaline koe, mikrokiud &#8211; 100% pol\u00fcamiid<br \/>\nkeskmine kiht: 100% pol\u00fcester<br \/>\nkerge tepitud soe kangas<br \/>\nt\u00e4ispikk reverse coil t\u00f5mblukk koos l\u00f5uakaitsega<br \/>\nvoodriga kapuuts<br \/>\nreverse coil t\u00f5mblukuga taskud<br \/>\njuurdep\u00e4\u00e4s kaubam\u00e4rgile tagavooderdis<br \/>\ntrimmitud elastse triibuga<br \/>\nkontrastsed elemendid (va 01 v\u00e4rv)<\/p>","protected":false},"excerpt":{"rendered":"<p>EVEREST552 Meeste jope S-3XL Tavaline koe, mikrokiud &#8211; 100% pol\u00fcamiid keskmine kiht: 100% pol\u00fcester kerge tepitud soe kangas t\u00e4ispikk reverse&#8230;<\/p>","protected":false},"featured_media":518,"comment_status":"open","ping_status":"closed","template":"","meta":[],"product_brand":[],"product_cat":[18,46],"product_tag":[20],"class_list":{"0":"post-496","1":"product","2":"type-product","3":"status-publish","4":"has-post-thumbnail","6":"product_cat-joped","7":"product_cat-meestele","8":"product_tag-jope","10":"first","11":"instock","12":"featured","13":"taxable","14":"shipping-taxable","15":"purchasable","16":"product-type-variable","17":"has-default-attributes"},"_links":{"self":[{"href":"https:\/\/triktrik.ee\/en\/wp-json\/wp\/v2\/product\/496","targetHints":{"allow":["GET"]}}],"collection":[{"href":"https:\/\/triktrik.ee\/en\/wp-json\/wp\/v2\/product"}],"about":[{"href":"https:\/\/triktrik.ee\/en\/wp-json\/wp\/v2\/types\/product"}],"replies":[{"embeddable":true,"href":"https:\/\/triktrik.ee\/en\/wp-json\/wp\/v2\/comments?post=496"}],"wp:featuredmedia":[{"embeddable":true,"href":"https:\/\/triktrik.ee\/en\/wp-json\/wp\/v2\/media\/518"}],"wp:attachment":[{"href":"https:\/\/triktrik.ee\/en\/wp-json\/wp\/v2\/media?parent=496"}],"wp:term":[{"taxonomy":"product_brand","embeddable":true,"href":"https:\/\/triktrik.ee\/en\/wp-json\/wp\/v2\/product_brand?post=496"},{"taxonomy":"product_cat","embeddable":true,"href":"https:\/\/triktrik.ee\/en\/wp-json\/wp\/v2\/product_cat?post=496"},{"taxonomy":"product_tag","embeddable":true,"href":"https:\/\/triktrik.ee\/en\/wp-json\/wp\/v2\/product_tag?post=496"}],"curies":[{"name":"wp","href":"https:\/\/api.w.org\/{rel}","templated":true}]}}