{"id":523,"date":"2022-06-12T17:15:20","date_gmt":"2022-06-12T14:15:20","guid":{"rendered":"https:\/\/triktrik.ee\/?post_type=product&#038;p=523"},"modified":"2022-06-21T01:05:12","modified_gmt":"2022-06-20T22:05:12","slug":"sulevest","status":"publish","type":"product","link":"https:\/\/triktrik.ee\/en\/product\/sulevest\/","title":{"rendered":"EVEREST553"},"content":{"rendered":"<p>EVEREST553<br \/>\nMeeste vestid<br \/>\nS-3XL<br \/>\nTavaline koe, mikrokiud &#8211; 100% pol\u00fcamiid<br \/>\nkeskmine kiht: 100% pol\u00fcester<br \/>\nkerge tepitud soe kangas<br \/>\nt\u00e4ispikk reverse coil t\u00f5mblukk koos l\u00f5uakaitsega<br \/>\nreverse coil t\u00f5mblukuga taskud<br \/>\njuurdep\u00e4\u00e4s kaubam\u00e4rgile tagavooderdis<br \/>\ntrimmitud elastse triibuga<br \/>\nkontrastsed elemendid (va 01 v\u00e4rv)<\/p>","protected":false},"excerpt":{"rendered":"<p>EVEREST553 Meeste vestid S-3XL Tavaline koe, mikrokiud &#8211; 100% pol\u00fcamiid keskmine kiht: 100% pol\u00fcester kerge tepitud soe kangas t\u00e4ispikk reverse&#8230;<\/p>","protected":false},"featured_media":529,"comment_status":"open","ping_status":"closed","template":"","meta":[],"product_brand":[],"product_cat":[18,46],"product_tag":[],"class_list":{"0":"post-523","1":"product","2":"type-product","3":"status-publish","4":"has-post-thumbnail","6":"product_cat-joped","7":"product_cat-meestele","9":"first","10":"instock","11":"taxable","12":"shipping-taxable","13":"purchasable","14":"product-type-variable"},"_links":{"self":[{"href":"https:\/\/triktrik.ee\/en\/wp-json\/wp\/v2\/product\/523","targetHints":{"allow":["GET"]}}],"collection":[{"href":"https:\/\/triktrik.ee\/en\/wp-json\/wp\/v2\/product"}],"about":[{"href":"https:\/\/triktrik.ee\/en\/wp-json\/wp\/v2\/types\/product"}],"replies":[{"embeddable":true,"href":"https:\/\/triktrik.ee\/en\/wp-json\/wp\/v2\/comments?post=523"}],"wp:featuredmedia":[{"embeddable":true,"href":"https:\/\/triktrik.ee\/en\/wp-json\/wp\/v2\/media\/529"}],"wp:attachment":[{"href":"https:\/\/triktrik.ee\/en\/wp-json\/wp\/v2\/media?parent=523"}],"wp:term":[{"taxonomy":"product_brand","embeddable":true,"href":"https:\/\/triktrik.ee\/en\/wp-json\/wp\/v2\/product_brand?post=523"},{"taxonomy":"product_cat","embeddable":true,"href":"https:\/\/triktrik.ee\/en\/wp-json\/wp\/v2\/product_cat?post=523"},{"taxonomy":"product_tag","embeddable":true,"href":"https:\/\/triktrik.ee\/en\/wp-json\/wp\/v2\/product_tag?post=523"}],"curies":[{"name":"wp","href":"https:\/\/api.w.org\/{rel}","templated":true}]}}