{"id":544,"date":"2022-06-13T18:25:39","date_gmt":"2022-06-13T15:25:39","guid":{"rendered":"https:\/\/triktrik.ee\/?post_type=product&#038;p=544"},"modified":"2022-06-21T01:03:46","modified_gmt":"2022-06-20T22:03:46","slug":"unisex-fliis","status":"publish","type":"product","link":"https:\/\/triktrik.ee\/en\/product\/unisex-fliis\/","title":{"rendered":"JOPE HI-Q506"},"content":{"rendered":"<pre id=\"tw-target-text\" class=\"tw-data-text tw-text-large tw-ta\" dir=\"ltr\" data-placeholder=\"Translation\"><span class=\"Y2IQFc\" lang=\"et\">JOPE HI-Q506\r\nUnisex fliis\r\nS-3XL\r\nFliis, 100% pol\u00fcester, kleepumisvastane viimistlus\r\nT\u00e4iendav materjal: Rip Stop, 100% pol\u00fcamiid, sisemine PU kate\r\nv\u00e4ga isoleeriv kangas\r\n\u00f5lad kaetud veekindla, kulumiskindla kangaga\r\nsisekaelus koorev\u00e4rvi teibiga\r\nt\u00e4ispikk vormitud t\u00f5mblukk\r\nvormitud lukuga taskud\r\nall\u00e4\u00e4r kummipaelaga\r\ntakjapaelaga reguleeritavad varruka\u00e4\u00e4red\r\nlibisemisvastane viimistlus v\u00e4lisk\u00fcljel.<\/span><\/pre>","protected":false},"excerpt":{"rendered":"<p>JOPE HI-Q506 Unisex fliis S-3XL Fliis, 100% pol\u00fcester, kleepumisvastane viimistlus T\u00e4iendav materjal: Rip Stop, 100% pol\u00fcamiid, sisemine PU kate v\u00e4ga&#8230;<\/p>","protected":false},"featured_media":545,"comment_status":"open","ping_status":"closed","template":"","meta":[],"product_brand":[],"product_cat":[18,52],"product_tag":[],"class_list":{"0":"post-544","1":"product","2":"type-product","3":"status-publish","4":"has-post-thumbnail","6":"product_cat-joped","7":"product_cat-unisex","9":"first","10":"instock","11":"taxable","12":"shipping-taxable","13":"product-type-simple"},"_links":{"self":[{"href":"https:\/\/triktrik.ee\/en\/wp-json\/wp\/v2\/product\/544","targetHints":{"allow":["GET"]}}],"collection":[{"href":"https:\/\/triktrik.ee\/en\/wp-json\/wp\/v2\/product"}],"about":[{"href":"https:\/\/triktrik.ee\/en\/wp-json\/wp\/v2\/types\/product"}],"replies":[{"embeddable":true,"href":"https:\/\/triktrik.ee\/en\/wp-json\/wp\/v2\/comments?post=544"}],"wp:featuredmedia":[{"embeddable":true,"href":"https:\/\/triktrik.ee\/en\/wp-json\/wp\/v2\/media\/545"}],"wp:attachment":[{"href":"https:\/\/triktrik.ee\/en\/wp-json\/wp\/v2\/media?parent=544"}],"wp:term":[{"taxonomy":"product_brand","embeddable":true,"href":"https:\/\/triktrik.ee\/en\/wp-json\/wp\/v2\/product_brand?post=544"},{"taxonomy":"product_cat","embeddable":true,"href":"https:\/\/triktrik.ee\/en\/wp-json\/wp\/v2\/product_cat?post=544"},{"taxonomy":"product_tag","embeddable":true,"href":"https:\/\/triktrik.ee\/en\/wp-json\/wp\/v2\/product_tag?post=544"}],"curies":[{"name":"wp","href":"https:\/\/api.w.org\/{rel}","templated":true}]}}