{"id":548,"date":"2022-06-13T18:39:05","date_gmt":"2022-06-13T15:39:05","guid":{"rendered":"https:\/\/triktrik.ee\/?post_type=product&#038;p=548"},"modified":"2022-06-21T00:51:58","modified_gmt":"2022-06-20T21:51:58","slug":"toopuksid","status":"publish","type":"product","link":"https:\/\/triktrik.ee\/en\/product\/toopuksid\/","title":{"rendered":"TWILL CORDURAT63"},"content":{"rendered":"<pre id=\"tw-target-text\" class=\"tw-data-text tw-text-large tw-ta\" dir=\"ltr\" data-placeholder=\"Translation\">T\u00d6\u00d6P\u00dcKSID TWILL CORDURAT63\r\nUnisex t\u00f6\u00f6p\u00fcksid\r\n44-62\r\nTwill, 65% pol\u00fcester, 35% puuvill; CORDURA\u00ae 100% pol\u00fcamiid\r\nelastne v\u00f6\u00f6koht\r\nmultifunktsionaalsed taskud\r\nhelkurelemendid\r\np\u00f5lved on tugevdatud v\u00e4ga vastupidava CORDURA\u00ae materjaliga\r\np\u00fckse saab pikendada\r\nsobitada T90 p\u00f5lvekaitsmetega\r\n45, 47, 49, 51, 53, 55 suurus on lisapikkus\r\nrihm ei kuulu komplekti\r\nTricorpi kaubanumber: 502021<\/pre>","protected":false},"excerpt":{"rendered":"<p>T\u00d6\u00d6P\u00dcKSID TWILL CORDURAT63 Unisex t\u00f6\u00f6p\u00fcksid 44-62 Twill, 65% pol\u00fcester, 35% puuvill; CORDURA\u00ae 100% pol\u00fcamiid elastne v\u00f6\u00f6koht multifunktsionaalsed taskud helkurelemendid p\u00f5lved&#8230;<\/p>","protected":false},"featured_media":551,"comment_status":"open","ping_status":"closed","template":"","meta":[],"product_brand":[],"product_cat":[52],"product_tag":[],"class_list":{"0":"post-548","1":"product","2":"type-product","3":"status-publish","4":"has-post-thumbnail","6":"product_cat-unisex","8":"first","9":"instock","10":"taxable","11":"shipping-taxable","12":"product-type-simple"},"_links":{"self":[{"href":"https:\/\/triktrik.ee\/en\/wp-json\/wp\/v2\/product\/548","targetHints":{"allow":["GET"]}}],"collection":[{"href":"https:\/\/triktrik.ee\/en\/wp-json\/wp\/v2\/product"}],"about":[{"href":"https:\/\/triktrik.ee\/en\/wp-json\/wp\/v2\/types\/product"}],"replies":[{"embeddable":true,"href":"https:\/\/triktrik.ee\/en\/wp-json\/wp\/v2\/comments?post=548"}],"wp:featuredmedia":[{"embeddable":true,"href":"https:\/\/triktrik.ee\/en\/wp-json\/wp\/v2\/media\/551"}],"wp:attachment":[{"href":"https:\/\/triktrik.ee\/en\/wp-json\/wp\/v2\/media?parent=548"}],"wp:term":[{"taxonomy":"product_brand","embeddable":true,"href":"https:\/\/triktrik.ee\/en\/wp-json\/wp\/v2\/product_brand?post=548"},{"taxonomy":"product_cat","embeddable":true,"href":"https:\/\/triktrik.ee\/en\/wp-json\/wp\/v2\/product_cat?post=548"},{"taxonomy":"product_tag","embeddable":true,"href":"https:\/\/triktrik.ee\/en\/wp-json\/wp\/v2\/product_tag?post=548"}],"curies":[{"name":"wp","href":"https:\/\/api.w.org\/{rel}","templated":true}]}}