{"id":553,"date":"2022-06-13T18:56:01","date_gmt":"2022-06-13T15:56:01","guid":{"rendered":"https:\/\/triktrik.ee\/?post_type=product&#038;p=553"},"modified":"2022-06-21T00:58:51","modified_gmt":"2022-06-20T21:58:51","slug":"meeste-dressipuksid","status":"publish","type":"product","link":"https:\/\/triktrik.ee\/en\/product\/meeste-dressipuksid\/","title":{"rendered":"REST614"},"content":{"rendered":"<pre id=\"tw-target-text\" class=\"tw-data-text tw-text-large tw-ta\" dir=\"ltr\" data-placeholder=\"Translation\"><span class=\"Y2IQFc\" lang=\"et\">REST614\r\nMeeste dressip\u00fcksid\r\nS-3XL\r\nPrantsuse frotee, harjamata sisek\u00fclg, 80% puuvill, 20% pol\u00fcester (v\u00e4rvi koostis 12 v\u00f5ib erineda \u2013 75% puuvill, 25% viskoos)\r\nideaalne sportimiseks ja vaba aja veetmiseks\r\nveidi kitsendatud s\u00e4\u00e4rel\u00f5ige\r\n2:2 soonik kootud v\u00f6\u00f6koht 5% elastaaniga, reguleeritav n\u00f6\u00f6riga\r\nkaldus taskud\r\n2:2 soonik kootud all\u00e4\u00e4r 5% elastaaniga\r\ndekoratiivsed \u00f5mblused\r\nharjamata sisek\u00fclg<\/span><\/pre>","protected":false},"excerpt":{"rendered":"<p>REST614 Meeste dressip\u00fcksid S-3XL Prantsuse frotee, harjamata sisek\u00fclg, 80% puuvill, 20% pol\u00fcester (v\u00e4rvi koostis 12 v\u00f5ib erineda \u2013 75% puuvill,&#8230;<\/p>","protected":false},"featured_media":558,"comment_status":"open","ping_status":"closed","template":"","meta":[],"product_brand":[],"product_cat":[46],"product_tag":[],"class_list":{"0":"post-553","1":"product","2":"type-product","3":"status-publish","4":"has-post-thumbnail","6":"product_cat-meestele","8":"first","9":"instock","10":"taxable","11":"shipping-taxable","12":"purchasable","13":"product-type-variable"},"_links":{"self":[{"href":"https:\/\/triktrik.ee\/en\/wp-json\/wp\/v2\/product\/553","targetHints":{"allow":["GET"]}}],"collection":[{"href":"https:\/\/triktrik.ee\/en\/wp-json\/wp\/v2\/product"}],"about":[{"href":"https:\/\/triktrik.ee\/en\/wp-json\/wp\/v2\/types\/product"}],"replies":[{"embeddable":true,"href":"https:\/\/triktrik.ee\/en\/wp-json\/wp\/v2\/comments?post=553"}],"wp:featuredmedia":[{"embeddable":true,"href":"https:\/\/triktrik.ee\/en\/wp-json\/wp\/v2\/media\/558"}],"wp:attachment":[{"href":"https:\/\/triktrik.ee\/en\/wp-json\/wp\/v2\/media?parent=553"}],"wp:term":[{"taxonomy":"product_brand","embeddable":true,"href":"https:\/\/triktrik.ee\/en\/wp-json\/wp\/v2\/product_brand?post=553"},{"taxonomy":"product_cat","embeddable":true,"href":"https:\/\/triktrik.ee\/en\/wp-json\/wp\/v2\/product_cat?post=553"},{"taxonomy":"product_tag","embeddable":true,"href":"https:\/\/triktrik.ee\/en\/wp-json\/wp\/v2\/product_tag?post=553"}],"curies":[{"name":"wp","href":"https:\/\/api.w.org\/{rel}","templated":true}]}}