{"id":602,"date":"2022-06-13T20:59:03","date_gmt":"2022-06-13T17:59:03","guid":{"rendered":"https:\/\/triktrik.ee\/?post_type=product&#038;p=602"},"modified":"2022-06-21T00:59:05","modified_gmt":"2022-06-20T21:59:05","slug":"nokamuts","status":"publish","type":"product","link":"https:\/\/triktrik.ee\/en\/product\/nokamuts\/","title":{"rendered":"RAP 6P302"},"content":{"rendered":"<pre id=\"tw-target-text\" class=\"tw-data-text tw-text-large tw-ta\" dir=\"ltr\" data-placeholder=\"Translation\"><span class=\"Y2IQFc\" lang=\"et\">RAP 6P302\r\nUnisex m\u00fcts\r\nreguleeritav\r\nTwill, 100% puuvill\r\nkuue paneeliga disain\r\nliimitud 2 esipaneeli\r\n\u00f5mmeldud lame tipp\r\ntikitud \u00f5huaugud\r\nhigipael\r\nsuurus reguleeritav plastikust nuppudega\r\neemaldatav kleebis tipul.<\/span><\/pre>","protected":false},"excerpt":{"rendered":"<p>RAP 6P302 Unisex m\u00fcts reguleeritav Twill, 100% puuvill kuue paneeliga disain liimitud 2 esipaneeli \u00f5mmeldud lame tipp tikitud \u00f5huaugud higipael&#8230;<\/p>","protected":false},"featured_media":611,"comment_status":"open","ping_status":"closed","template":"","meta":[],"product_brand":[],"product_cat":[40,52],"product_tag":[],"class_list":{"0":"post-602","1":"product","2":"type-product","3":"status-publish","4":"has-post-thumbnail","6":"product_cat-mutsid","7":"product_cat-unisex","9":"first","10":"instock","11":"taxable","12":"shipping-taxable","13":"purchasable","14":"product-type-variable"},"_links":{"self":[{"href":"https:\/\/triktrik.ee\/en\/wp-json\/wp\/v2\/product\/602","targetHints":{"allow":["GET"]}}],"collection":[{"href":"https:\/\/triktrik.ee\/en\/wp-json\/wp\/v2\/product"}],"about":[{"href":"https:\/\/triktrik.ee\/en\/wp-json\/wp\/v2\/types\/product"}],"replies":[{"embeddable":true,"href":"https:\/\/triktrik.ee\/en\/wp-json\/wp\/v2\/comments?post=602"}],"wp:featuredmedia":[{"embeddable":true,"href":"https:\/\/triktrik.ee\/en\/wp-json\/wp\/v2\/media\/611"}],"wp:attachment":[{"href":"https:\/\/triktrik.ee\/en\/wp-json\/wp\/v2\/media?parent=602"}],"wp:term":[{"taxonomy":"product_brand","embeddable":true,"href":"https:\/\/triktrik.ee\/en\/wp-json\/wp\/v2\/product_brand?post=602"},{"taxonomy":"product_cat","embeddable":true,"href":"https:\/\/triktrik.ee\/en\/wp-json\/wp\/v2\/product_cat?post=602"},{"taxonomy":"product_tag","embeddable":true,"href":"https:\/\/triktrik.ee\/en\/wp-json\/wp\/v2\/product_tag?post=602"}],"curies":[{"name":"wp","href":"https:\/\/api.w.org\/{rel}","templated":true}]}}