{"id":617,"date":"2022-06-14T07:27:06","date_gmt":"2022-06-14T04:27:06","guid":{"rendered":"https:\/\/triktrik.ee\/?post_type=product&#038;p=617"},"modified":"2022-06-21T00:55:13","modified_gmt":"2022-06-20T21:55:13","slug":"nokamuts-c24","status":"publish","type":"product","link":"https:\/\/triktrik.ee\/en\/product\/nokamuts-c24\/","title":{"rendered":"CAMO LATINOC24"},"content":{"rendered":"<pre id=\"tw-target-text\" class=\"tw-data-text tw-text-large tw-ta\" dir=\"ltr\" data-placeholder=\"T\u00f5lge\"><span class=\"Y2IQFc\" lang=\"et\">CAMO LATINOC24\r\n\r\nUnisex m\u00fcts\r\nreguleeritav\r\nTavaline koe, 100% puuvill\r\nl\u00f5igatud \"s\u00f5jalises\" stiilis\r\n\u00f5mmeldud, kergelt kumer tipp\r\nhigipael\r\nsuurus reguleeritav takjapaelaga<\/span><\/pre>","protected":false},"excerpt":{"rendered":"<p>CAMO LATINOC24 Unisex m\u00fcts reguleeritav Tavaline koe, 100% puuvill l\u00f5igatud &#8220;s\u00f5jalises&#8221; stiilis \u00f5mmeldud, kergelt kumer tipp higipael suurus reguleeritav takjapaelaga<\/p>","protected":false},"featured_media":620,"comment_status":"open","ping_status":"closed","template":"","meta":[],"product_brand":[],"product_cat":[40,52],"product_tag":[],"class_list":{"0":"post-617","1":"product","2":"type-product","3":"status-publish","4":"has-post-thumbnail","6":"product_cat-mutsid","7":"product_cat-unisex","9":"first","10":"instock","11":"featured","12":"taxable","13":"shipping-taxable","14":"purchasable","15":"product-type-simple"},"_links":{"self":[{"href":"https:\/\/triktrik.ee\/en\/wp-json\/wp\/v2\/product\/617","targetHints":{"allow":["GET"]}}],"collection":[{"href":"https:\/\/triktrik.ee\/en\/wp-json\/wp\/v2\/product"}],"about":[{"href":"https:\/\/triktrik.ee\/en\/wp-json\/wp\/v2\/types\/product"}],"replies":[{"embeddable":true,"href":"https:\/\/triktrik.ee\/en\/wp-json\/wp\/v2\/comments?post=617"}],"wp:featuredmedia":[{"embeddable":true,"href":"https:\/\/triktrik.ee\/en\/wp-json\/wp\/v2\/media\/620"}],"wp:attachment":[{"href":"https:\/\/triktrik.ee\/en\/wp-json\/wp\/v2\/media?parent=617"}],"wp:term":[{"taxonomy":"product_brand","embeddable":true,"href":"https:\/\/triktrik.ee\/en\/wp-json\/wp\/v2\/product_brand?post=617"},{"taxonomy":"product_cat","embeddable":true,"href":"https:\/\/triktrik.ee\/en\/wp-json\/wp\/v2\/product_cat?post=617"},{"taxonomy":"product_tag","embeddable":true,"href":"https:\/\/triktrik.ee\/en\/wp-json\/wp\/v2\/product_tag?post=617"}],"curies":[{"name":"wp","href":"https:\/\/api.w.org\/{rel}","templated":true}]}}