{"id":684,"date":"2022-06-20T21:18:02","date_gmt":"2022-06-20T18:18:02","guid":{"rendered":"https:\/\/triktrik.ee\/?post_type=product&#038;p=684"},"modified":"2022-06-21T01:03:03","modified_gmt":"2022-06-20T22:03:03","slug":"c19_32","status":"publish","type":"product","link":"https:\/\/triktrik.ee\/en\/product\/c19_32\/","title":{"rendered":"CAMO ZIPPERC19"},"content":{"rendered":"<p>CAMO ZIPPERC19<br \/>\nMeeste kampsun<br \/>\nS-3XL<br \/>\nPrantsuse frotee, harjatud sisek\u00fclg, 65% puuvill, 35% pol\u00fcester<br \/>\nsirge l\u00f5ige k\u00fclje\u00f5mblustega<br \/>\nt\u00e4ispikk reverse coil t\u00f5mblukk<br \/>\nn\u00f6\u00f6riga kapuuts voodriga<br \/>\nsisemine seljakaelus teibiga<br \/>\nk\u00e4nguruplaastri taskud<br \/>\n2:2 soonik kootud all\u00e4\u00e4r ja k\u00e4tised 5% elastaaniga<br \/>\nkontrastsed elemendid<br \/>\nharjatud sisek\u00fclg<\/p>","protected":false},"excerpt":{"rendered":"<p>CAMO ZIPPERC19 Meeste kampsun S-3XL Prantsuse frotee, harjatud sisek\u00fclg, 65% puuvill, 35% pol\u00fcester sirge l\u00f5ige k\u00fclje\u00f5mblustega t\u00e4ispikk reverse coil t\u00f5mblukk&#8230;<\/p>","protected":false},"featured_media":682,"comment_status":"open","ping_status":"closed","template":"","meta":[],"product_brand":[],"product_cat":[46],"product_tag":[],"class_list":{"0":"post-684","1":"product","2":"type-product","3":"status-publish","4":"has-post-thumbnail","6":"product_cat-meestele","8":"first","9":"instock","10":"taxable","11":"shipping-taxable","12":"purchasable","13":"product-type-variable"},"_links":{"self":[{"href":"https:\/\/triktrik.ee\/en\/wp-json\/wp\/v2\/product\/684","targetHints":{"allow":["GET"]}}],"collection":[{"href":"https:\/\/triktrik.ee\/en\/wp-json\/wp\/v2\/product"}],"about":[{"href":"https:\/\/triktrik.ee\/en\/wp-json\/wp\/v2\/types\/product"}],"replies":[{"embeddable":true,"href":"https:\/\/triktrik.ee\/en\/wp-json\/wp\/v2\/comments?post=684"}],"wp:featuredmedia":[{"embeddable":true,"href":"https:\/\/triktrik.ee\/en\/wp-json\/wp\/v2\/media\/682"}],"wp:attachment":[{"href":"https:\/\/triktrik.ee\/en\/wp-json\/wp\/v2\/media?parent=684"}],"wp:term":[{"taxonomy":"product_brand","embeddable":true,"href":"https:\/\/triktrik.ee\/en\/wp-json\/wp\/v2\/product_brand?post=684"},{"taxonomy":"product_cat","embeddable":true,"href":"https:\/\/triktrik.ee\/en\/wp-json\/wp\/v2\/product_cat?post=684"},{"taxonomy":"product_tag","embeddable":true,"href":"https:\/\/triktrik.ee\/en\/wp-json\/wp\/v2\/product_tag?post=684"}],"curies":[{"name":"wp","href":"https:\/\/api.w.org\/{rel}","templated":true}]}}