{"id":685,"date":"2022-06-20T21:26:35","date_gmt":"2022-06-20T18:26:35","guid":{"rendered":"https:\/\/triktrik.ee\/?post_type=product&#038;p=685"},"modified":"2022-06-21T00:49:55","modified_gmt":"2022-06-20T21:49:55","slug":"voyage452","status":"publish","type":"product","link":"https:\/\/triktrik.ee\/en\/product\/voyage452\/","title":{"rendered":"VOYAGE452"},"content":{"rendered":"<p>VOYAGE452<br \/>\nMeeste kampsun<br \/>\nS-3XL<br \/>\nPrantsuse frotee, harjamata sisek\u00fclg<br \/>\n100% puuvill (v\u00e4rvi koostis 12 v\u00f5ib erineda \u2013 85% puuvill, 15% viskoos; 65% puuvill, 35% pol\u00fcester)<br \/>\nsirge l\u00f5ige k\u00fclje\u00f5mblustega<br \/>\nt\u00e4ispikk metallist t\u00f5mblukk<br \/>\ngraveeritud logoga t\u00f5mblukk<br \/>\nn\u00f6\u00f6riga kapuuts voodriga<br \/>\nsisemine kaelus teibiga<br \/>\ndekoratiivsete \u00f5mblustega raglaanvarrukad<br \/>\nk\u00e4nguruplaastri taskud<br \/>\n2:2 soonik kootud all\u00e4\u00e4r ja k\u00e4tised 5% elastaaniga<br \/>\nkontrastsed elemendid<br \/>\nharjamata sisek\u00fclg<\/p>","protected":false},"excerpt":{"rendered":"<p>VOYAGE452 Meeste kampsun S-3XL Prantsuse frotee, harjamata sisek\u00fclg 100% puuvill (v\u00e4rvi koostis 12 v\u00f5ib erineda \u2013 85% puuvill, 15% viskoos;&#8230;<\/p>","protected":false},"featured_media":690,"comment_status":"open","ping_status":"closed","template":"","meta":[],"product_brand":[],"product_cat":[46],"product_tag":[],"class_list":{"0":"post-685","1":"product","2":"type-product","3":"status-publish","4":"has-post-thumbnail","6":"product_cat-meestele","8":"first","9":"instock","10":"taxable","11":"shipping-taxable","12":"purchasable","13":"product-type-variable","14":"has-default-attributes"},"_links":{"self":[{"href":"https:\/\/triktrik.ee\/en\/wp-json\/wp\/v2\/product\/685","targetHints":{"allow":["GET"]}}],"collection":[{"href":"https:\/\/triktrik.ee\/en\/wp-json\/wp\/v2\/product"}],"about":[{"href":"https:\/\/triktrik.ee\/en\/wp-json\/wp\/v2\/types\/product"}],"replies":[{"embeddable":true,"href":"https:\/\/triktrik.ee\/en\/wp-json\/wp\/v2\/comments?post=685"}],"wp:featuredmedia":[{"embeddable":true,"href":"https:\/\/triktrik.ee\/en\/wp-json\/wp\/v2\/media\/690"}],"wp:attachment":[{"href":"https:\/\/triktrik.ee\/en\/wp-json\/wp\/v2\/media?parent=685"}],"wp:term":[{"taxonomy":"product_brand","embeddable":true,"href":"https:\/\/triktrik.ee\/en\/wp-json\/wp\/v2\/product_brand?post=685"},{"taxonomy":"product_cat","embeddable":true,"href":"https:\/\/triktrik.ee\/en\/wp-json\/wp\/v2\/product_cat?post=685"},{"taxonomy":"product_tag","embeddable":true,"href":"https:\/\/triktrik.ee\/en\/wp-json\/wp\/v2\/product_tag?post=685"}],"curies":[{"name":"wp","href":"https:\/\/api.w.org\/{rel}","templated":true}]}}