{"id":702,"date":"2022-06-20T21:36:35","date_gmt":"2022-06-20T18:36:35","guid":{"rendered":"https:\/\/triktrik.ee\/?post_type=product&#038;p=702"},"modified":"2022-06-21T00:49:40","modified_gmt":"2022-06-20T21:49:40","slug":"premium-hooded-sweatert42","status":"publish","type":"product","link":"https:\/\/triktrik.ee\/en\/product\/premium-hooded-sweatert42\/","title":{"rendered":"PREMIUM HOODED SWEATERT42"},"content":{"rendered":"<p>PREMIUM kapuutsiga kampsun42<br \/>\nMeeste kampsun<br \/>\nS-5XL<br \/>\nAmeerika fliis, 80% puuvill, 20% pol\u00fcester<br \/>\nsirge l\u00f5ige k\u00fclje\u00f5mblustega<br \/>\nvoodriga kapuuts<br \/>\nlukuga taskud<br \/>\nvarrukate tasku<br \/>\nsoonik kootud all\u00e4\u00e4r ja k\u00e4tised<br \/>\nharjatud sisek\u00fclg<br \/>\nTricorpi kaubanumber: 304001<\/p>","protected":false},"excerpt":{"rendered":"<p>PREMIUM kapuutsiga kampsun42 Meeste kampsun S-5XL Ameerika fliis, 80% puuvill, 20% pol\u00fcester sirge l\u00f5ige k\u00fclje\u00f5mblustega voodriga kapuuts lukuga taskud varrukate&#8230;<\/p>","protected":false},"featured_media":705,"comment_status":"open","ping_status":"closed","template":"","meta":[],"product_brand":[],"product_cat":[46],"product_tag":[],"class_list":{"0":"post-702","1":"product","2":"type-product","3":"status-publish","4":"has-post-thumbnail","6":"product_cat-meestele","8":"first","9":"instock","10":"taxable","11":"shipping-taxable","12":"purchasable","13":"product-type-variable","14":"has-default-attributes"},"_links":{"self":[{"href":"https:\/\/triktrik.ee\/en\/wp-json\/wp\/v2\/product\/702","targetHints":{"allow":["GET"]}}],"collection":[{"href":"https:\/\/triktrik.ee\/en\/wp-json\/wp\/v2\/product"}],"about":[{"href":"https:\/\/triktrik.ee\/en\/wp-json\/wp\/v2\/types\/product"}],"replies":[{"embeddable":true,"href":"https:\/\/triktrik.ee\/en\/wp-json\/wp\/v2\/comments?post=702"}],"wp:featuredmedia":[{"embeddable":true,"href":"https:\/\/triktrik.ee\/en\/wp-json\/wp\/v2\/media\/705"}],"wp:attachment":[{"href":"https:\/\/triktrik.ee\/en\/wp-json\/wp\/v2\/media?parent=702"}],"wp:term":[{"taxonomy":"product_brand","embeddable":true,"href":"https:\/\/triktrik.ee\/en\/wp-json\/wp\/v2\/product_brand?post=702"},{"taxonomy":"product_cat","embeddable":true,"href":"https:\/\/triktrik.ee\/en\/wp-json\/wp\/v2\/product_cat?post=702"},{"taxonomy":"product_tag","embeddable":true,"href":"https:\/\/triktrik.ee\/en\/wp-json\/wp\/v2\/product_tag?post=702"}],"curies":[{"name":"wp","href":"https:\/\/api.w.org\/{rel}","templated":true}]}}