{"id":712,"date":"2022-06-20T21:53:10","date_gmt":"2022-06-20T18:53:10","guid":{"rendered":"https:\/\/triktrik.ee\/?post_type=product&#038;p=712"},"modified":"2022-06-21T00:49:24","modified_gmt":"2022-06-20T21:49:24","slug":"dress-up271","status":"publish","type":"product","link":"https:\/\/triktrik.ee\/en\/product\/dress-up271\/","title":{"rendered":"DRESS UP271"},"content":{"rendered":"<p>KLEIT UP271<br \/>\nNaiste kleit<br \/>\nXS-2XL<br \/>\nPique, 100% puuvill<br \/>\nkergelt istuva l\u00f5ikega k\u00fclje\u00f5mblustega<br \/>\n1:1 soonik kootud krae ja varruka\u00e4\u00e4red<br \/>\nalumine kraeosa ja kontrasttriipudega varruka\u00e4\u00e4red<br \/>\nkitsas 4 n\u00f6\u00f6biga naaskelriide v\u00e4rvi<br \/>\nk\u00fclje\u00f5mblustes l\u00f5hikud ja alumine plekk kontrastteibiga<br \/>\nsisemine kaelus kontrastteibiga<br \/>\n\u00f5la\u00f5mbluste kinnitamine<\/p>","protected":false},"excerpt":{"rendered":"<p>KLEIT UP271 Naiste kleit XS-2XL Pique, 100% puuvill kergelt istuva l\u00f5ikega k\u00fclje\u00f5mblustega 1:1 soonik kootud krae ja varruka\u00e4\u00e4red alumine kraeosa&#8230;<\/p>","protected":false},"featured_media":720,"comment_status":"open","ping_status":"closed","template":"","meta":[],"product_brand":[],"product_cat":[45],"product_tag":[],"class_list":{"0":"post-712","1":"product","2":"type-product","3":"status-publish","4":"has-post-thumbnail","6":"product_cat-naistele","8":"first","9":"instock","10":"taxable","11":"shipping-taxable","12":"purchasable","13":"product-type-variable","14":"has-default-attributes"},"_links":{"self":[{"href":"https:\/\/triktrik.ee\/en\/wp-json\/wp\/v2\/product\/712","targetHints":{"allow":["GET"]}}],"collection":[{"href":"https:\/\/triktrik.ee\/en\/wp-json\/wp\/v2\/product"}],"about":[{"href":"https:\/\/triktrik.ee\/en\/wp-json\/wp\/v2\/types\/product"}],"replies":[{"embeddable":true,"href":"https:\/\/triktrik.ee\/en\/wp-json\/wp\/v2\/comments?post=712"}],"wp:featuredmedia":[{"embeddable":true,"href":"https:\/\/triktrik.ee\/en\/wp-json\/wp\/v2\/media\/720"}],"wp:attachment":[{"href":"https:\/\/triktrik.ee\/en\/wp-json\/wp\/v2\/media?parent=712"}],"wp:term":[{"taxonomy":"product_brand","embeddable":true,"href":"https:\/\/triktrik.ee\/en\/wp-json\/wp\/v2\/product_brand?post=712"},{"taxonomy":"product_cat","embeddable":true,"href":"https:\/\/triktrik.ee\/en\/wp-json\/wp\/v2\/product_cat?post=712"},{"taxonomy":"product_tag","embeddable":true,"href":"https:\/\/triktrik.ee\/en\/wp-json\/wp\/v2\/product_tag?post=712"}],"curies":[{"name":"wp","href":"https:\/\/api.w.org\/{rel}","templated":true}]}}