{"id":730,"date":"2022-06-20T22:04:39","date_gmt":"2022-06-20T19:04:39","guid":{"rendered":"https:\/\/triktrik.ee\/?post_type=product&#038;p=730"},"modified":"2022-06-21T00:48:47","modified_gmt":"2022-06-20T21:48:47","slug":"grand259","status":"publish","type":"product","link":"https:\/\/triktrik.ee\/en\/product\/grand259\/","title":{"rendered":"GRAND259"},"content":{"rendered":"<p>GRAND259<br \/>\nMeeste polos\u00e4rk<br \/>\nS-3XL<br \/>\nSingle Jersey, 100% merseriseeritud puuvill<br \/>\nl\u00f5igatud k\u00fclje\u00f5mblustega<br \/>\n1:1 soonik kootud krae kontrastse triibuga<br \/>\n3 n\u00f6\u00f6biga s\u00f5lm koorekanga v\u00e4rvi<br \/>\nk\u00fclje\u00f5mblustes kontrastteibiga l\u00f5hikud<br \/>\nsisemine kaelus kontrastteibiga<br \/>\n\u00f5la\u00f5mbluste kinnitamine<br \/>\nmerseriseerimisega t\u00f6\u00f6deldud puuvill<\/p>\n<figure id=\"attachment_755\" aria-describedby=\"caption-attachment-755\" style=\"width: 264px\" class=\"wp-caption alignnone\"><img fetchpriority=\"high\" decoding=\"async\" class=\"size-medium wp-image-755\" src=\"https:\/\/triktrik.ee\/wp-content\/uploads\/2022\/06\/259-264x300.jpg\" alt=\"\" width=\"264\" height=\"300\" srcset=\"https:\/\/triktrik.ee\/wp-content\/uploads\/2022\/06\/259-264x300.jpg 264w, https:\/\/triktrik.ee\/wp-content\/uploads\/2022\/06\/259.jpg 586w\" sizes=\"(max-width: 264px) 100vw, 264px\" \/><figcaption id=\"caption-attachment-755\" class=\"wp-caption-text\">GRAND<\/figcaption><\/figure>","protected":false},"excerpt":{"rendered":"<p>GRAND259 Meeste polos\u00e4rk S-3XL Single Jersey, 100% merseriseeritud puuvill l\u00f5igatud k\u00fclje\u00f5mblustega 1:1 soonik kootud krae kontrastse triibuga 3 n\u00f6\u00f6biga s\u00f5lm&#8230;<\/p>","protected":false},"featured_media":743,"comment_status":"open","ping_status":"closed","template":"","meta":[],"product_brand":[],"product_cat":[46],"product_tag":[],"class_list":{"0":"post-730","1":"product","2":"type-product","3":"status-publish","4":"has-post-thumbnail","6":"product_cat-meestele","8":"first","9":"instock","10":"taxable","11":"shipping-taxable","12":"purchasable","13":"product-type-variable"},"_links":{"self":[{"href":"https:\/\/triktrik.ee\/en\/wp-json\/wp\/v2\/product\/730","targetHints":{"allow":["GET"]}}],"collection":[{"href":"https:\/\/triktrik.ee\/en\/wp-json\/wp\/v2\/product"}],"about":[{"href":"https:\/\/triktrik.ee\/en\/wp-json\/wp\/v2\/types\/product"}],"replies":[{"embeddable":true,"href":"https:\/\/triktrik.ee\/en\/wp-json\/wp\/v2\/comments?post=730"}],"wp:featuredmedia":[{"embeddable":true,"href":"https:\/\/triktrik.ee\/en\/wp-json\/wp\/v2\/media\/743"}],"wp:attachment":[{"href":"https:\/\/triktrik.ee\/en\/wp-json\/wp\/v2\/media?parent=730"}],"wp:term":[{"taxonomy":"product_brand","embeddable":true,"href":"https:\/\/triktrik.ee\/en\/wp-json\/wp\/v2\/product_brand?post=730"},{"taxonomy":"product_cat","embeddable":true,"href":"https:\/\/triktrik.ee\/en\/wp-json\/wp\/v2\/product_cat?post=730"},{"taxonomy":"product_tag","embeddable":true,"href":"https:\/\/triktrik.ee\/en\/wp-json\/wp\/v2\/product_tag?post=730"}],"curies":[{"name":"wp","href":"https:\/\/api.w.org\/{rel}","templated":true}]}}