{"id":756,"date":"2022-06-20T22:16:19","date_gmt":"2022-06-20T19:16:19","guid":{"rendered":"https:\/\/triktrik.ee\/?post_type=product&#038;p=756"},"modified":"2022-06-21T00:48:30","modified_gmt":"2022-06-20T21:48:30","slug":"grand269","status":"publish","type":"product","link":"https:\/\/triktrik.ee\/en\/product\/grand269\/","title":{"rendered":"GRAND269"},"content":{"rendered":"<p>GRAND269<br \/>\nNaiste polos\u00e4rk<br \/>\nXS-2XL<br \/>\nSingle Jersey, 100% merseriseeritud puuvill<br \/>\nkergelt istuva l\u00f5ikega k\u00fclje\u00f5mblustega<br \/>\n1:1 soonik kootud krae kontrastse triibuga<br \/>\n5 n\u00f6\u00f6biga kitsas naaskelkanga v\u00e4rvi<br \/>\nk\u00fclje\u00f5mblustes kontrastteibiga l\u00f5hikud<br \/>\nsisemine kaelus kontrastteibiga<br \/>\n\u00f5la\u00f5mbluste kinnitamine<br \/>\nmerseriseerimisega t\u00f6\u00f6deldud puuvill<\/p>","protected":false},"excerpt":{"rendered":"<p>GRAND269 Naiste polos\u00e4rk XS-2XL Single Jersey, 100% merseriseeritud puuvill kergelt istuva l\u00f5ikega k\u00fclje\u00f5mblustega 1:1 soonik kootud krae kontrastse triibuga 5&#8230;<\/p>","protected":false},"featured_media":765,"comment_status":"open","ping_status":"closed","template":"","meta":[],"product_brand":[],"product_cat":[45],"product_tag":[],"class_list":{"0":"post-756","1":"product","2":"type-product","3":"status-publish","4":"has-post-thumbnail","6":"product_cat-naistele","8":"first","9":"instock","10":"taxable","11":"shipping-taxable","12":"purchasable","13":"product-type-variable","14":"has-default-attributes"},"_links":{"self":[{"href":"https:\/\/triktrik.ee\/en\/wp-json\/wp\/v2\/product\/756","targetHints":{"allow":["GET"]}}],"collection":[{"href":"https:\/\/triktrik.ee\/en\/wp-json\/wp\/v2\/product"}],"about":[{"href":"https:\/\/triktrik.ee\/en\/wp-json\/wp\/v2\/types\/product"}],"replies":[{"embeddable":true,"href":"https:\/\/triktrik.ee\/en\/wp-json\/wp\/v2\/comments?post=756"}],"wp:featuredmedia":[{"embeddable":true,"href":"https:\/\/triktrik.ee\/en\/wp-json\/wp\/v2\/media\/765"}],"wp:attachment":[{"href":"https:\/\/triktrik.ee\/en\/wp-json\/wp\/v2\/media?parent=756"}],"wp:term":[{"taxonomy":"product_brand","embeddable":true,"href":"https:\/\/triktrik.ee\/en\/wp-json\/wp\/v2\/product_brand?post=756"},{"taxonomy":"product_cat","embeddable":true,"href":"https:\/\/triktrik.ee\/en\/wp-json\/wp\/v2\/product_cat?post=756"},{"taxonomy":"product_tag","embeddable":true,"href":"https:\/\/triktrik.ee\/en\/wp-json\/wp\/v2\/product_tag?post=756"}],"curies":[{"name":"wp","href":"https:\/\/api.w.org\/{rel}","templated":true}]}}