{"id":781,"date":"2022-06-20T22:35:09","date_gmt":"2022-06-20T19:35:09","guid":{"rendered":"https:\/\/triktrik.ee\/?post_type=product&#038;p=781"},"modified":"2022-06-21T00:48:20","modified_gmt":"2022-06-20T21:48:20","slug":"chance811","status":"publish","type":"product","link":"https:\/\/triktrik.ee\/en\/product\/chance811\/","title":{"rendered":"CHANCE811"},"content":{"rendered":"<p>CHANCE811<br \/>\nNaiste T-s\u00e4rk<br \/>\nXS-2XL<br \/>\nInterlock pique, 100% taaskasutatud mikropol\u00fcester<br \/>\nsertifitseeritud taaskasutatud pol\u00fcester<br \/>\nkiiresti kuivav kangas<br \/>\nsildivaba \u2013 valmis kaubam\u00e4rgi muutmiseks<br \/>\nideaalne sportimiseks ja vaba aja veetmiseks<br \/>\nk\u00fclje\u00f5mblustega lahtil\u00f5ige<br \/>\nlamedad \u00f5la\u00f5mblused<br \/>\nkitsa kaelusega \u00e4\u00e4ris shell-kangast<br \/>\nsisemine seljakaelus koorekangast teibiga<br \/>\nkimono varrukad<br \/>\ndekoratiivsed \u00f5mblused<br \/>\nkumer alumine serv<br \/>\nsobib sublimeerimiseks (heledad v\u00e4rvid)<\/p>","protected":false},"excerpt":{"rendered":"<p>CHANCE811 Naiste T-s\u00e4rk XS-2XL Interlock pique, 100% taaskasutatud mikropol\u00fcester sertifitseeritud taaskasutatud pol\u00fcester kiiresti kuivav kangas sildivaba \u2013 valmis kaubam\u00e4rgi muutmiseks&#8230;<\/p>","protected":false},"featured_media":785,"comment_status":"open","ping_status":"closed","template":"","meta":[],"product_brand":[],"product_cat":[45],"product_tag":[],"class_list":{"0":"post-781","1":"product","2":"type-product","3":"status-publish","4":"has-post-thumbnail","6":"product_cat-naistele","8":"first","9":"instock","10":"taxable","11":"shipping-taxable","12":"purchasable","13":"product-type-variable","14":"has-default-attributes"},"_links":{"self":[{"href":"https:\/\/triktrik.ee\/en\/wp-json\/wp\/v2\/product\/781","targetHints":{"allow":["GET"]}}],"collection":[{"href":"https:\/\/triktrik.ee\/en\/wp-json\/wp\/v2\/product"}],"about":[{"href":"https:\/\/triktrik.ee\/en\/wp-json\/wp\/v2\/types\/product"}],"replies":[{"embeddable":true,"href":"https:\/\/triktrik.ee\/en\/wp-json\/wp\/v2\/comments?post=781"}],"wp:featuredmedia":[{"embeddable":true,"href":"https:\/\/triktrik.ee\/en\/wp-json\/wp\/v2\/media\/785"}],"wp:attachment":[{"href":"https:\/\/triktrik.ee\/en\/wp-json\/wp\/v2\/media?parent=781"}],"wp:term":[{"taxonomy":"product_brand","embeddable":true,"href":"https:\/\/triktrik.ee\/en\/wp-json\/wp\/v2\/product_brand?post=781"},{"taxonomy":"product_cat","embeddable":true,"href":"https:\/\/triktrik.ee\/en\/wp-json\/wp\/v2\/product_cat?post=781"},{"taxonomy":"product_tag","embeddable":true,"href":"https:\/\/triktrik.ee\/en\/wp-json\/wp\/v2\/product_tag?post=781"}],"curies":[{"name":"wp","href":"https:\/\/api.w.org\/{rel}","templated":true}]}}