{"id":811,"date":"2022-06-20T22:44:22","date_gmt":"2022-06-20T19:44:22","guid":{"rendered":"https:\/\/triktrik.ee\/?post_type=product&#038;p=811"},"modified":"2022-06-21T00:48:10","modified_gmt":"2022-06-20T21:48:10","slug":"merino-rise157","status":"publish","type":"product","link":"https:\/\/triktrik.ee\/en\/product\/merino-rise157\/","title":{"rendered":"MERINO RISE157"},"content":{"rendered":"<p>MERINO RISE157<br \/>\nMeeste T-s\u00e4rk<br \/>\nS-3XL<br \/>\nSingle Jersey, 100% meriinovill, 17,5 \u00b5m, masinpesu<br \/>\n\u00fclipeen meriinovill<br \/>\nkortsudevaba ja h\u00e4sti hingav kangas<br \/>\ntermoreguleerivad ja antibakteriaalsed omadused<br \/>\nniiskuse \u00e4rajuhtimise ja l\u00f5hna neelamise v\u00f5ime<br \/>\nslim fit l\u00f5ige k\u00fclje\u00f5mblustega<br \/>\nkitsa kaelusega \u00e4\u00e4ris shell-kangast<br \/>\nsisemine seljakaelus koorekangast teibiga<br \/>\n\u00f5la\u00f5mbluste kinnitamine<\/p>","protected":false},"excerpt":{"rendered":"<p>MERINO RISE157 Meeste T-s\u00e4rk S-3XL Single Jersey, 100% meriinovill, 17,5 \u00b5m, masinpesu \u00fclipeen meriinovill kortsudevaba ja h\u00e4sti hingav kangas termoreguleerivad&#8230;<\/p>","protected":false},"featured_media":815,"comment_status":"open","ping_status":"closed","template":"","meta":[],"product_brand":[],"product_cat":[46],"product_tag":[],"class_list":{"0":"post-811","1":"product","2":"type-product","3":"status-publish","4":"has-post-thumbnail","6":"product_cat-meestele","8":"first","9":"instock","10":"taxable","11":"shipping-taxable","12":"purchasable","13":"product-type-variable","14":"has-default-attributes"},"_links":{"self":[{"href":"https:\/\/triktrik.ee\/en\/wp-json\/wp\/v2\/product\/811","targetHints":{"allow":["GET"]}}],"collection":[{"href":"https:\/\/triktrik.ee\/en\/wp-json\/wp\/v2\/product"}],"about":[{"href":"https:\/\/triktrik.ee\/en\/wp-json\/wp\/v2\/types\/product"}],"replies":[{"embeddable":true,"href":"https:\/\/triktrik.ee\/en\/wp-json\/wp\/v2\/comments?post=811"}],"wp:featuredmedia":[{"embeddable":true,"href":"https:\/\/triktrik.ee\/en\/wp-json\/wp\/v2\/media\/815"}],"wp:attachment":[{"href":"https:\/\/triktrik.ee\/en\/wp-json\/wp\/v2\/media?parent=811"}],"wp:term":[{"taxonomy":"product_brand","embeddable":true,"href":"https:\/\/triktrik.ee\/en\/wp-json\/wp\/v2\/product_brand?post=811"},{"taxonomy":"product_cat","embeddable":true,"href":"https:\/\/triktrik.ee\/en\/wp-json\/wp\/v2\/product_cat?post=811"},{"taxonomy":"product_tag","embeddable":true,"href":"https:\/\/triktrik.ee\/en\/wp-json\/wp\/v2\/product_tag?post=811"}],"curies":[{"name":"wp","href":"https:\/\/api.w.org\/{rel}","templated":true}]}}