{"id":824,"date":"2022-06-20T22:47:47","date_gmt":"2022-06-20T19:47:47","guid":{"rendered":"https:\/\/triktrik.ee\/?post_type=product&#038;p=824"},"modified":"2022-06-21T00:47:59","modified_gmt":"2022-06-20T21:47:59","slug":"exclusive153","status":"publish","type":"product","link":"https:\/\/triktrik.ee\/en\/product\/exclusive153\/","title":{"rendered":"EXCLUSIVE153"},"content":{"rendered":"<p>EXCLUSIVE153<br \/>\nMeeste T-s\u00e4rk<br \/>\nS-3XL<br \/>\nSingle Jersey, 100% SUPIMA\u00ae puuvill<br \/>\nparim SUPIMA\u00ae puuvill<br \/>\nslim fit l\u00f5ige k\u00fclje\u00f5mblustega<br \/>\nkitsas 1:1 soonik kootud kaelusega all\u00e4\u00e4r 5% elastaaniga<br \/>\nselja sisekaelus satiinteibiga 01 v\u00e4rviga<br \/>\n\u00f5la\u00f5mbluste kinnitamine<\/p>","protected":false},"excerpt":{"rendered":"<p>EXCLUSIVE153 Meeste T-s\u00e4rk S-3XL Single Jersey, 100% SUPIMA\u00ae puuvill parim SUPIMA\u00ae puuvill slim fit l\u00f5ige k\u00fclje\u00f5mblustega kitsas 1:1 soonik kootud&#8230;<\/p>","protected":false},"featured_media":825,"comment_status":"open","ping_status":"closed","template":"","meta":[],"product_brand":[],"product_cat":[46],"product_tag":[],"class_list":{"0":"post-824","1":"product","2":"type-product","3":"status-publish","4":"has-post-thumbnail","6":"product_cat-meestele","8":"first","9":"instock","10":"taxable","11":"shipping-taxable","12":"purchasable","13":"product-type-simple"},"_links":{"self":[{"href":"https:\/\/triktrik.ee\/en\/wp-json\/wp\/v2\/product\/824","targetHints":{"allow":["GET"]}}],"collection":[{"href":"https:\/\/triktrik.ee\/en\/wp-json\/wp\/v2\/product"}],"about":[{"href":"https:\/\/triktrik.ee\/en\/wp-json\/wp\/v2\/types\/product"}],"replies":[{"embeddable":true,"href":"https:\/\/triktrik.ee\/en\/wp-json\/wp\/v2\/comments?post=824"}],"wp:featuredmedia":[{"embeddable":true,"href":"https:\/\/triktrik.ee\/en\/wp-json\/wp\/v2\/media\/825"}],"wp:attachment":[{"href":"https:\/\/triktrik.ee\/en\/wp-json\/wp\/v2\/media?parent=824"}],"wp:term":[{"taxonomy":"product_brand","embeddable":true,"href":"https:\/\/triktrik.ee\/en\/wp-json\/wp\/v2\/product_brand?post=824"},{"taxonomy":"product_cat","embeddable":true,"href":"https:\/\/triktrik.ee\/en\/wp-json\/wp\/v2\/product_cat?post=824"},{"taxonomy":"product_tag","embeddable":true,"href":"https:\/\/triktrik.ee\/en\/wp-json\/wp\/v2\/product_tag?post=824"}],"curies":[{"name":"wp","href":"https:\/\/api.w.org\/{rel}","templated":true}]}}