{"id":834,"date":"2022-06-21T00:25:05","date_gmt":"2022-06-20T21:25:05","guid":{"rendered":"https:\/\/triktrik.ee\/?post_type=product&#038;p=834"},"modified":"2022-06-21T00:47:37","modified_gmt":"2022-06-20T21:47:37","slug":"basic134","status":"publish","type":"product","link":"https:\/\/triktrik.ee\/en\/product\/basic134\/","title":{"rendered":"BASIC134"},"content":{"rendered":"<p>BASIC134<br \/>\nNaiste T-s\u00e4rk<br \/>\nXS-3XL<br \/>\nSingle Jersey, 100% puuvill (koostis v\u00f5ib erineda &#8211; v\u00e4rvus 03 &#8211; 97% puuvill, 3% viskoos, v\u00e4rvus 12 &#8211; 85% puuvill, 15% viskoos), silikoonviimistlus<br \/>\nkergelt istuva l\u00f5ikega k\u00fclje\u00f5mblustega<br \/>\nkitsas 1:1 soonik kootud kaelusega all\u00e4\u00e4r 5% elastaaniga<br \/>\nsisemine seljakaelus koorekangast teibiga<br \/>\n\u00f5la\u00f5mbluste kinnitamine<br \/>\nsilikoon viimistlus<\/p>","protected":false},"excerpt":{"rendered":"<p>BASIC134 Naiste T-s\u00e4rk XS-3XL Single Jersey, 100% puuvill (koostis v\u00f5ib erineda &#8211; v\u00e4rvus 03 &#8211; 97% puuvill, 3% viskoos, v\u00e4rvus&#8230;<\/p>","protected":false},"featured_media":865,"comment_status":"open","ping_status":"closed","template":"","meta":[],"product_brand":[],"product_cat":[45],"product_tag":[],"class_list":{"0":"post-834","1":"product","2":"type-product","3":"status-publish","4":"has-post-thumbnail","6":"product_cat-naistele","8":"first","9":"instock","10":"taxable","11":"shipping-taxable","12":"purchasable","13":"product-type-variable","14":"has-default-attributes"},"_links":{"self":[{"href":"https:\/\/triktrik.ee\/en\/wp-json\/wp\/v2\/product\/834","targetHints":{"allow":["GET"]}}],"collection":[{"href":"https:\/\/triktrik.ee\/en\/wp-json\/wp\/v2\/product"}],"about":[{"href":"https:\/\/triktrik.ee\/en\/wp-json\/wp\/v2\/types\/product"}],"replies":[{"embeddable":true,"href":"https:\/\/triktrik.ee\/en\/wp-json\/wp\/v2\/comments?post=834"}],"wp:featuredmedia":[{"embeddable":true,"href":"https:\/\/triktrik.ee\/en\/wp-json\/wp\/v2\/media\/865"}],"wp:attachment":[{"href":"https:\/\/triktrik.ee\/en\/wp-json\/wp\/v2\/media?parent=834"}],"wp:term":[{"taxonomy":"product_brand","embeddable":true,"href":"https:\/\/triktrik.ee\/en\/wp-json\/wp\/v2\/product_brand?post=834"},{"taxonomy":"product_cat","embeddable":true,"href":"https:\/\/triktrik.ee\/en\/wp-json\/wp\/v2\/product_cat?post=834"},{"taxonomy":"product_tag","embeddable":true,"href":"https:\/\/triktrik.ee\/en\/wp-json\/wp\/v2\/product_tag?post=834"}],"curies":[{"name":"wp","href":"https:\/\/api.w.org\/{rel}","templated":true}]}}