{"id":864,"date":"2022-06-21T00:28:28","date_gmt":"2022-06-20T21:28:28","guid":{"rendered":"https:\/\/triktrik.ee\/?post_type=product&#038;p=864"},"modified":"2022-06-21T00:28:28","modified_gmt":"2022-06-20T21:28:28","slug":"chance810","status":"publish","type":"product","link":"https:\/\/triktrik.ee\/en\/product\/chance810\/","title":{"rendered":"CHANCE810"},"content":{"rendered":"<p>CHANCE810<br \/>\nMeeste T-s\u00e4rk<br \/>\nS-3XL<br \/>\nInterlock pique, 100% taaskasutatud mikropol\u00fcester<br \/>\nsertifitseeritud taaskasutatud pol\u00fcester<br \/>\nkiiresti kuivav kangas<br \/>\nsildivaba \u2013 valmis kaubam\u00e4rgi muutmiseks<br \/>\nideaalne sportimiseks ja vaba aja veetmiseks<br \/>\nlamedad \u00f5la\u00f5mblused<br \/>\nkitsa kaelusega \u00e4\u00e4ris shell-kangast<br \/>\nsisemine seljakaelus koorekangast teibiga<br \/>\ndekoratiivsed \u00f5mblused<br \/>\nsobib sublimeerimiseks (heledad v\u00e4rvid)<\/p>","protected":false},"excerpt":{"rendered":"<p>CHANCE810 Meeste T-s\u00e4rk S-3XL Interlock pique, 100% taaskasutatud mikropol\u00fcester sertifitseeritud taaskasutatud pol\u00fcester kiiresti kuivav kangas sildivaba \u2013 valmis kaubam\u00e4rgi muutmiseks&#8230;<\/p>","protected":false},"featured_media":898,"comment_status":"open","ping_status":"closed","template":"","meta":[],"product_brand":[],"product_cat":[46],"product_tag":[],"class_list":{"0":"post-864","1":"product","2":"type-product","3":"status-publish","4":"has-post-thumbnail","6":"product_cat-meestele","8":"first","9":"instock","10":"taxable","11":"shipping-taxable","12":"purchasable","13":"product-type-variable","14":"has-default-attributes"},"_links":{"self":[{"href":"https:\/\/triktrik.ee\/en\/wp-json\/wp\/v2\/product\/864","targetHints":{"allow":["GET"]}}],"collection":[{"href":"https:\/\/triktrik.ee\/en\/wp-json\/wp\/v2\/product"}],"about":[{"href":"https:\/\/triktrik.ee\/en\/wp-json\/wp\/v2\/types\/product"}],"replies":[{"embeddable":true,"href":"https:\/\/triktrik.ee\/en\/wp-json\/wp\/v2\/comments?post=864"}],"wp:featuredmedia":[{"embeddable":true,"href":"https:\/\/triktrik.ee\/en\/wp-json\/wp\/v2\/media\/898"}],"wp:attachment":[{"href":"https:\/\/triktrik.ee\/en\/wp-json\/wp\/v2\/media?parent=864"}],"wp:term":[{"taxonomy":"product_brand","embeddable":true,"href":"https:\/\/triktrik.ee\/en\/wp-json\/wp\/v2\/product_brand?post=864"},{"taxonomy":"product_cat","embeddable":true,"href":"https:\/\/triktrik.ee\/en\/wp-json\/wp\/v2\/product_cat?post=864"},{"taxonomy":"product_tag","embeddable":true,"href":"https:\/\/triktrik.ee\/en\/wp-json\/wp\/v2\/product_tag?post=864"}],"curies":[{"name":"wp","href":"https:\/\/api.w.org\/{rel}","templated":true}]}}