{"id":919,"date":"2022-06-21T00:37:54","date_gmt":"2022-06-20T21:37:54","guid":{"rendered":"https:\/\/triktrik.ee\/?post_type=product&#038;p=919"},"modified":"2022-06-21T00:47:23","modified_gmt":"2022-06-20T21:47:23","slug":"camouflage144","status":"publish","type":"product","link":"https:\/\/triktrik.ee\/en\/product\/camouflage144\/","title":{"rendered":"CAMOUFLAGE144"},"content":{"rendered":"<p>CAMOUFLAGE144<br \/>\nUnisex T-s\u00e4rk<br \/>\nXS-3XL<br \/>\nSingle Jersey, 100% puuvill<br \/>\nl\u00f5igatud k\u00fclje\u00f5mblustega<br \/>\nkitsas 1:1 soonik kootud kaelusega all\u00e4\u00e4r 5% elastaaniga<br \/>\nkamuflaa\u017eiv\u00e4rvi \u00f5lg \u00f5la k\u00fclge kinnitav teip<\/p>","protected":false},"excerpt":{"rendered":"<p>CAMOUFLAGE144 Unisex T-s\u00e4rk XS-3XL Single Jersey, 100% puuvill l\u00f5igatud k\u00fclje\u00f5mblustega kitsas 1:1 soonik kootud kaelusega all\u00e4\u00e4r 5% elastaaniga kamuflaa\u017eiv\u00e4rvi \u00f5lg&#8230;<\/p>","protected":false},"featured_media":922,"comment_status":"open","ping_status":"closed","template":"","meta":[],"product_brand":[],"product_cat":[52],"product_tag":[],"class_list":{"0":"post-919","1":"product","2":"type-product","3":"status-publish","4":"has-post-thumbnail","6":"product_cat-unisex","8":"first","9":"instock","10":"taxable","11":"shipping-taxable","12":"purchasable","13":"product-type-variable","14":"has-default-attributes"},"_links":{"self":[{"href":"https:\/\/triktrik.ee\/en\/wp-json\/wp\/v2\/product\/919","targetHints":{"allow":["GET"]}}],"collection":[{"href":"https:\/\/triktrik.ee\/en\/wp-json\/wp\/v2\/product"}],"about":[{"href":"https:\/\/triktrik.ee\/en\/wp-json\/wp\/v2\/types\/product"}],"replies":[{"embeddable":true,"href":"https:\/\/triktrik.ee\/en\/wp-json\/wp\/v2\/comments?post=919"}],"wp:featuredmedia":[{"embeddable":true,"href":"https:\/\/triktrik.ee\/en\/wp-json\/wp\/v2\/media\/922"}],"wp:attachment":[{"href":"https:\/\/triktrik.ee\/en\/wp-json\/wp\/v2\/media?parent=919"}],"wp:term":[{"taxonomy":"product_brand","embeddable":true,"href":"https:\/\/triktrik.ee\/en\/wp-json\/wp\/v2\/product_brand?post=919"},{"taxonomy":"product_cat","embeddable":true,"href":"https:\/\/triktrik.ee\/en\/wp-json\/wp\/v2\/product_cat?post=919"},{"taxonomy":"product_tag","embeddable":true,"href":"https:\/\/triktrik.ee\/en\/wp-json\/wp\/v2\/product_tag?post=919"}],"curies":[{"name":"wp","href":"https:\/\/api.w.org\/{rel}","templated":true}]}}