{"id":936,"date":"2022-06-21T00:44:45","date_gmt":"2022-06-20T21:44:45","guid":{"rendered":"https:\/\/triktrik.ee\/?post_type=product&#038;p=936"},"modified":"2022-06-21T00:44:45","modified_gmt":"2022-06-20T21:44:45","slug":"camouflage-ls166","status":"publish","type":"product","link":"https:\/\/triktrik.ee\/en\/product\/camouflage-ls166\/","title":{"rendered":"CAMOUFLAGE LS166"},"content":{"rendered":"<p>CAMOUFLAGE LS166<br \/>\nUnisex T-s\u00e4rk<br \/>\nXS-3XL<br \/>\nSingle Jersey, 100% puuvill<br \/>\nl\u00f5igatud k\u00fclje\u00f5mblustega<br \/>\nkitsas 1:1 soonik kootud kaelusega all\u00e4\u00e4r 5% elastaaniga<br \/>\nselja sisekaelus teibiga 01 v\u00e4rvi<br \/>\npikad kamuflaa\u017eiv\u00e4rvi raglaanvarrukad<\/p>","protected":false},"excerpt":{"rendered":"<p>CAMOUFLAGE LS166 Unisex T-s\u00e4rk XS-3XL Single Jersey, 100% puuvill l\u00f5igatud k\u00fclje\u00f5mblustega kitsas 1:1 soonik kootud kaelusega all\u00e4\u00e4r 5% elastaaniga selja&#8230;<\/p>","protected":false},"featured_media":937,"comment_status":"open","ping_status":"closed","template":"","meta":[],"product_brand":[],"product_cat":[52],"product_tag":[],"class_list":{"0":"post-936","1":"product","2":"type-product","3":"status-publish","4":"has-post-thumbnail","6":"product_cat-unisex","8":"first","9":"instock","10":"taxable","11":"shipping-taxable","12":"purchasable","13":"product-type-variable","14":"has-default-attributes"},"_links":{"self":[{"href":"https:\/\/triktrik.ee\/en\/wp-json\/wp\/v2\/product\/936","targetHints":{"allow":["GET"]}}],"collection":[{"href":"https:\/\/triktrik.ee\/en\/wp-json\/wp\/v2\/product"}],"about":[{"href":"https:\/\/triktrik.ee\/en\/wp-json\/wp\/v2\/types\/product"}],"replies":[{"embeddable":true,"href":"https:\/\/triktrik.ee\/en\/wp-json\/wp\/v2\/comments?post=936"}],"wp:featuredmedia":[{"embeddable":true,"href":"https:\/\/triktrik.ee\/en\/wp-json\/wp\/v2\/media\/937"}],"wp:attachment":[{"href":"https:\/\/triktrik.ee\/en\/wp-json\/wp\/v2\/media?parent=936"}],"wp:term":[{"taxonomy":"product_brand","embeddable":true,"href":"https:\/\/triktrik.ee\/en\/wp-json\/wp\/v2\/product_brand?post=936"},{"taxonomy":"product_cat","embeddable":true,"href":"https:\/\/triktrik.ee\/en\/wp-json\/wp\/v2\/product_cat?post=936"},{"taxonomy":"product_tag","embeddable":true,"href":"https:\/\/triktrik.ee\/en\/wp-json\/wp\/v2\/product_tag?post=936"}],"curies":[{"name":"wp","href":"https:\/\/api.w.org\/{rel}","templated":true}]}}